{"id":543,"date":"2013-10-19T16:08:12","date_gmt":"2013-10-19T16:08:12","guid":{"rendered":"http:\/\/corine-pelluchon.fr\/?page_id=543"},"modified":"2024-02-19T18:52:37","modified_gmt":"2024-02-19T18:52:37","slug":"presentation-english","status":"publish","type":"page","link":"https:\/\/corine-pelluchon.fr\/?page_id=543","title":{"rendered":"English"},"content":{"rendered":"<p>Full Professor in Practical Philosophy at the University of Paris-Est-Marne-La-Vall\u00e9e.<br \/>\nAuthor of several essays and articles in moral and political philosophy\u00a0 (especially on Leo Strauss and on E. Levinas ) and in applied ethics ( medical and biomedical ethics, animal ethics and environmental ethics).<\/p>\n<p><strong>Main topics :<\/strong> Animal, Autonomy, Care, Consideration, Corporeity, Democracy, Ecology, Enlightenment, Humanism, Liberalism, Nature, Nourishment, Responsibility, Subjectivity, Values, Virtue Ethics, Vulnerability.<\/p>\n<p><strong>Main sources:<\/strong> 1. Phenomenology, especially the philosophers who confronted their work to Heidegger\u2019s ontology : Emmanuel Levinas, Jacques Derrida, Paul Ricoeur, Hans Jonas, Maurice Merleau-Ponty, Henry Maldiney 2. Political philosophy: Thomas Hobbes, John Locke, Jean-Jacques. Rousseau, J. Rawls; Leo Strauss; Alexis de Tocqueville. 3. Environmental ethics ( Baird Callicott, Aldo Leopold).<\/p>\n<p>I spent 15 years teaching philosophy in a high school. I then went to the USA and gave some courses in medical ethics and ethics of health care at Boston University. The students were premed students and graduate students in philosophy. I stayed in America from 2006 to 2007. I then became Associate Professor in philosophy at the University of Poitiers ( France) from 2008 to 2012 and am in 2013 Full Professor at the University of Franche-Comt\u00e9 ( Besan\u00e7on). I am since 201 Professor at Gustave Eiffel University, in Paris Region. In addition to my courses at the University of Franche-Comt\u00e9, I also give some courses in ethics and applieds ethics in France and abroad ( Liban, at the University Saint-Kaslik, Beirut, in 2012; Japan, at the University of Ritsumeikan, Kyoto, in 2013).<\/p>\n<p><strong>Research statement:<br \/>\n<\/strong><\/p>\n<p class=\"MsoNormal\" style=\"text-align: justify;\"><span lang=\"EN-US\" style=\"mso-ansi-language: EN-US;\">After I finished my dissertation on Leo Strauss, in which I discuss the contribution of modern \u201cEnlightenment\u201d thinkers and extend this analysis to the crisis of liberalism in today\u2019s society, I began to focus on medical practices and technology because they pose a challenge to political liberalism. Our difficulty in proposing constructive solutions to the environmental crisis and in taking the animal condition into consideration, in our lives as well in politics, is the other starting point for my work.<\/span><\/p>\n<p class=\"MsoNormal\" style=\"text-align: justify;\"><span lang=\"EN-US\" style=\"mso-ansi-language: EN-US;\">I work essentially in the area of political philosophy: how to deliberate on subjects that go far beyond the problem of the peaceful coexistence of freedoms and even that of the equitable distribution of resources? In thinking about the changes in democratic institutions and political culture that could put ecology and the animal question at the heart of the Republic and allow for greater citizen participation in debates on bioethical issues, I am trying to redraft the social contract. The issue of justice for dependent persons, future generations, and other species must be rethought; the point is to ground the social contract in a conception of humanity different from the one characterizing modern and contemporary political theories. This conception is based on a primary philosophy.<\/span><\/p>\n<p class=\"MsoNormal\" style=\"text-align: justify;\"><span lang=\"EN-US\" style=\"mso-ansi-language: EN-US;\">The second aspect of this research thus involves ontology, in that it questions subjectivity, which is no longer defined only by freedom, but presupposes a rigorously defined relationship among three cardinal concepts of what I call an ethics of vulnerability: autonomy, responsibility, and vulnerability. These categories, which have been reconfigured, require changing the way we think of ourselves and our relationship to others, including other living beings. However, unlike Anglo-American animal and environmental ethics, which focus on the moral and even legal status of non-human entities to assess the legitimacy or illegitimacy of our use of them, my ethics of vulnerability focuses on the subject more than on the object of responsibility. It therefore involves revamping humanism.<\/span><\/p>\n<p class=\"MsoNormal\" style=\"text-align: justify;\"><span lang=\"EN-US\" style=\"mso-ansi-language: EN-US;\">The ethics of vulnerability first arose from thinking about the identity of patients suffering from degenerative diseases of the nervous system, but it goes beyond the framework of medical ethics. It not only treats of other fields of applied ethics, it also includes the philosophy of the subject. Drawing heavily on the work of Emmanuel Levinas, it is distinct from the ethics of care, even though both challenge the abstract, idealized conception of autonomy proper to liberalism with a relational definition of identity. This definition goes hand in hand with awareness of our fragility, as well as with the affirmation that responsibility\u2014the ability we have to be concerned about others\u2014is central tovulnerability. It is this conception of vulnerability as both fragility and strength, and the attempt to promote the integration of individuals in situations of vulnerability by effectuating a shift from ethics to justice, that distinguishes the ethics of vulnerability from the ethics of care and from social philosophies that are more concerned with the issue of domination. <\/span><\/p>\n<p class=\"MsoNormal\" style=\"text-align: justify;\"><span lang=\"EN-US\" style=\"mso-ansi-language: EN-US;\">This work seeks to replace the philosophy of the subject underlying contemporary contractualism with another philosophy. The ethics of vulnerability, which emphasized the category of passivity, is the first phase in this philosophy of corporality, supplemented today by a philosophy of \u201cliving from,\u201d which takes the materiality of our existence seriously: hunger, <i>oikos,<\/i> space and time, place, and enjoyment. Based on a radical phenomenology of sensations, it takes inspiration from the French philosophers who were able to suggest an alternative to Heidegger\u2019s ontology of concern, such as Emmanuel Levinas, Jacques Derrida, and Paul Ric\u0153ur. Going beyond the dualism between nature and culture, subject and object, this phenomenology of nourishments aims to determine the existential structures that break with Heidegger\u2019s ontology of concern and philosophies of freedom that still serve as a foundation for liberal political theory.<\/span><\/p>\n<p class=\"MsoNormal\" style=\"text-align: justify;\"><strong>Last book ( <em>Ethics of consideration<\/em>, Seuil, 2018): <\/strong><\/p>\n<p>If we want individuals to change their lifestyles and integrate in their own good the common good that entails nature, the interests of future generations and animals, a virtue ethics is necessary. Not only do we have to analyze the moral traits that could help individuals change their habits and open a path that travels from theory to practice or action, but the point is also to show how it is possible to flourish and feel happy by consuming less. This inquiry into the moral traits that are at the core of an environmental ethics that does not neglect the importance of emotions, which are important motivations for moral agents, implies our reassessing the link between human flourishment and respect for nature and animals. The role of contemplation and aesthetics is also of high importance in such a virtue ethics whose foundation refers to the philosophy of a relational subject who lives from a world that is natural and cultural, as seen in <em>Nourishment. A philosophy of the Bodily Politic. <\/em><\/p>\n<p class=\"MsoNormal\" style=\"text-align: justify;\"><strong>Video: <\/strong><\/p>\n<p class=\"MsoNormal\" style=\"text-align: justify;\"><a href=\"https:\/\/vimeo.com\/77286628\">Lecture at Columbia University, October 8th, 2013, NYC. An Ethics of Vulnerability: How Bioethics and Ecology Challenge Political Philosophy and LIberalism<\/a>.<\/p>\n<p class=\"MsoNormal\"><span lang=\"EN-US\" style=\"mso-ansi-language: EN-US;\"><strong>\u00a0Bibliographical References:<\/strong><br \/>\n<\/span><\/p>\n<p class=\"MsoNormal\"><span style=\"text-decoration: underline;\">Books in philosophy<\/span>:<\/p>\n<p class=\"MsoNormal\"><span lang=\"EN-US\" style=\"mso-ansi-language: EN-US;\"><i style=\"mso-bidi-font-style: normal;\">&#8211; Leo Strauss: une autre raison, d\u2019autres Lumi\u00e8res<\/i>, Paris, Vrin, 2005. Fran\u00e7ois Furet prize, 2006. American translation by R. Howse, February 2014, NY, SUNY Press: <i style=\"mso-bidi-font-style: normal;\"><strong>Leo Strauss and The Crisis of Rationalism. Another Reason, Another Enlightenment. <\/strong><a href=\"http:\/\/corine-pelluchon.fr\/wp-content\/uploads\/2013\/07\/r\u00e9sum\u00e9-du-Livre-sur-Strauss-en-anglais.pdf\">Summary<\/a><strong><br \/>\n<\/strong><\/i><\/span><\/p>\n<p class=\"MsoNormal\"><span lang=\"EN-US\" style=\"mso-ansi-language: EN-US;\"><i style=\"mso-bidi-font-style: normal;\"><a href=\"http:\/\/corine-pelluchon.fr\/wp-content\/uploads\/2013\/07\/Flyer-Pelluchon-Strauss.pdf\">Flyer Pelluchon Strauss<\/a><\/i><\/span><\/p>\n<p class=\"MsoNormal\"><a href=\"http:\/\/www.sunypress.edu\/p-5804-leo-strauss-and-the-crisis-of-r.aspx\">\u00a0LEO STRAUSS AND THE CRISIS OF RATIONALISM<\/a><\/p>\n<p class=\"MsoNormal\"><i style=\"mso-bidi-font-style: normal;\"><span lang=\"EN-US\" style=\"mso-ansi-language: EN-US;\">&#8211; L\u2019autonomie bris\u00e9e. Bio\u00e9thique et philosophie, <\/span><\/i><span lang=\"EN-US\" style=\"mso-ansi-language: EN-US;\">Paris, PUF, 2009. Spanish translation by A. M. Pineda, El Bosque University, Bios y Oikos collection, 10, Bogota, July 2013: <i style=\"mso-bidi-font-style: normal;\">La autonomia quebrada. Bio\u00e9tica y<\/i>\u00a0<\/span><a><i style=\"mso-bidi-font-style: normal;\"><span lang=\"EN-US\" style=\"color: windowtext; mso-ansi-language: EN-US;\">filosof\u00eda<\/span><\/i><\/a><i style=\"mso-bidi-font-style: normal;\"><span lang=\"EN-US\" style=\"mso-ansi-language: EN-US;\">. <strong>The Broken Autonomy, Bioethics and Philosophy<\/strong>. <a href=\"http:\/\/corine-pelluchon.fr\/wp-content\/uploads\/2013\/07\/r\u00e9sum\u00e9-en-anglais-de-lautonomie-bris\u00e9e.pdf\">Summary<\/a><\/span><\/i><\/p>\n<p><em>&#8211; La raison du sensible. Entretiens autour de la bio\u00e9thique<\/em>, Perpignan, Art\u00e8ge, 2009. <strong><em>Reason and Sentitivity. Inerviews on Bioethics<\/em><\/strong>. <a href=\"http:\/\/corine-pelluchon.fr\/wp-content\/uploads\/2013\/07\/r\u00e9sum\u00e9-en-Anglais-raison-du-sensible.pdf\">Summary<\/a><\/p>\n<p class=\"MsoNormal\"><i style=\"mso-bidi-font-style: normal;\"><span lang=\"EN-US\" style=\"mso-ansi-language: EN-US;\">&#8211; El\u00e9ments pour une \u00e9thique de la vuln\u00e9rabilit\u00e9. Les\u00a0 hommes, les animaux, la nature, <\/span><\/i><span lang=\"EN-US\" style=\"mso-ansi-language: EN-US;\">Paris, Le Cerf, 2011. Moron Grand Prix of the <\/span>Acad\u00e9mie fran\u00e7aise<span lang=\"EN-US\" style=\"mso-ansi-language: EN-US;\"> 2012. Spanish translation, Javeriana University, Bogota<em>, <\/em>2015. Chinese translation underway.<em> <strong>Elements for An Ethics of Vulnerability. Humans, Animals, Nature<\/strong>.<\/em> <a href=\"http:\/\/corine-pelluchon.fr\/wp-content\/uploads\/2013\/07\/r\u00e9sum\u00e9-en-anglais-de-EEV.pdf\">Summary\u00a0<\/a><\/span><\/p>\n<p class=\"MsoNormal\"><i style=\"mso-bidi-font-style: normal;\"><span lang=\"EN-US\" style=\"mso-ansi-language: EN-US;\">-Tu ne tueras point. R\u00e9flexions sur l\u2019actualit\u00e9 de l\u2019interdit du meurtre<\/span><\/i><span lang=\"EN-US\" style=\"mso-ansi-language: EN-US;\">, Paris, Le Cerf, 2013. <strong><em>Thou Shall not Kill. A Philosophical Inquiry Into the Relevance of the Prohibition of Murder<\/em><\/strong>. <\/span><span lang=\"EN-US\" style=\"mso-ansi-language: EN-US;\"><a href=\"http:\/\/corine-pelluchon.fr\/wp-content\/uploads\/2013\/10\/summary-Thou-Shall-Not-Kill.pdf\">Summary <\/a><\/span><\/p>\n<p><em>&#8211; Les Nourritures. Philosophie du corps politique<\/em>, Le Seuil,\u00a0 2015, Poche 2020<strong><em>. <\/em><\/strong>Prize \u00c9douard Bonnefous of the French Academy for Moral and Political Sciences 2015 and European Prize Paris-Li\u00e8ge 2016. Japanese translation underway. Englih translation is forthcoming in 2019 ( Bloomsbury) <em><strong>Nourishment. Philosophy of the body politic.<\/strong>\u00a0 <\/em><a href=\"http:\/\/corine-pelluchon.fr\/wp-content\/uploads\/2013\/10\/Summary-Les-Nourritures.pdf\">Summary <\/a><\/p>\n<p><a class=\"link-to-pdf\" title=\"Nourishment vis 5\" href=\"http:\/\/corine-pelluchon.fr\/wp-content\/uploads\/2018\/10\/Nourishment-vis-5.pdf\" target=\"_blank\" rel=\"attachment noopener wp-att-2841 noreferrer\"><img loading=\"lazy\" decoding=\"async\" class=\"alignnone size-medium wp-image-2842 thumb-of-pdf\" src=\"http:\/\/corine-pelluchon.fr\/wp-content\/uploads\/2018\/10\/Nourishment-vis-5-pdf-192x300.jpg\" alt=\"thumbnail of Nourishment vis 5\" width=\"192\" height=\"300\" srcset=\"https:\/\/corine-pelluchon.fr\/wp-content\/uploads\/2018\/10\/Nourishment-vis-5-pdf-192x300.jpg 192w, https:\/\/corine-pelluchon.fr\/wp-content\/uploads\/2018\/10\/Nourishment-vis-5-pdf.jpg 654w\" sizes=\"(max-width: 192px) 100vw, 192px\" \/><\/a><\/p>\n<p>WIDGET:<\/p>\n<p><a href=\"https:\/\/bloomsburycp3.codemantra.com\/viewer\/5c350dce713c090001cc1372\">https:\/\/bloomsburycp3.codemantra.com\/viewer\/5c350dce713c090001cc1372<\/a><\/p>\n<p class=\"MsoNormal\">&#8211;<em>Manifeste animaliste. Politiser la cause animale,<\/em> Alma, 2017, Rivages 2021. Spanish translation in January 2018, Italian Translation in February 2018. Korean and German translations published in 2019 and 2020. Greek and Turkish forthcoming. <strong><em>Animal Manifesto. The Politization of The Animal Cause<\/em><\/strong><strong>. <\/strong><a href=\"http:\/\/corine-pelluchon.fr\/wp-content\/uploads\/2013\/10\/Re\u0301sume\u0301-ANIMAL-MANIFESTO.docx\">Summary<\/a><\/p>\n<p>&#8211; <em>\u00c9thique de la consid\u00e9ration<\/em>, Seuil, 2018. <em><strong>Ethics of Consideration<\/strong><\/em> ( poche, 2021).\u00a0 German and Greek translations published in 2019 and 2020.\u00a0 <a href=\"http:\/\/corine-pelluchon.fr\/wp-content\/uploads\/2018\/01\/Ethics-of-consideration-26-Oct-17-.docx\">Summary<\/a><\/p>\n<p><em>R\u00e9parons le monde. Humains, animaux, nature<\/em>, Rivages, 2020. Spanish and German Translations forthcoming.<\/p>\n<p><em>Pour comprendre Levinas. Un philosophe pour notre temps<\/em>, Seuil, 2020. Japanase, Greek Translations forthcoming.<\/p>\n<p><em>Les Lumi\u00e8res \u00e0 l&rsquo;\u00e2ge du vivant<\/em>, Seuil, 2021.German translation in october 2021, Spanish and Greek translations in 2022.<\/p>\n<p>Video ( English) on my work:<\/p>\n<p><iframe loading=\"lazy\" title=\"20\/20 Philosophers: Corine Pelluchon\" width=\"500\" height=\"281\" src=\"https:\/\/www.youtube.com\/embed\/BpKaMtTJCkg?feature=oembed\" frameborder=\"0\" allow=\"accelerometer; autoplay; clipboard-write; encrypted-media; gyroscope; picture-in-picture; web-share\" referrerpolicy=\"strict-origin-when-cross-origin\" allowfullscreen><\/iframe><\/p>\n<p>Vido on <em>Les Lumi\u00e8res \u00e0 l&rsquo;\u00e2ge du vivant, Enlightenment in the Age of the Living:<\/em><\/p>\n<p><iframe loading=\"lazy\" title=\"Rethinking the Enlightenment Today  Ecology, Universalism and Emancipation \/ Corine Pelluchon\" width=\"500\" height=\"281\" src=\"https:\/\/www.youtube.com\/embed\/JJmd3PSK1AM?feature=oembed\" frameborder=\"0\" allow=\"accelerometer; autoplay; clipboard-write; encrypted-media; gyroscope; picture-in-picture; web-share\" referrerpolicy=\"strict-origin-when-cross-origin\" allowfullscreen><\/iframe><\/p>\n<p class=\"MsoNormal\"><span style=\"text-decoration: underline;\"><span lang=\"EN-US\" style=\"mso-ansi-language: EN-US;\">Fiction:<br \/>\n<\/span><\/span><\/p>\n<p class=\"MsoNormal\">&#8211; <em>La Flamme ivre<\/em>, Descl\u00e9e de Brouwer, 1999. <em><strong>The Drunken Flame<\/strong><\/em>.<a href=\"http:\/\/corine-pelluchon.fr\/wp-content\/uploads\/2013\/10\/La-Flamme-ivre-r\u00e9sum\u00e9-en-anglais.docx\"> Summary <\/a><\/p>\n<p class=\"MsoNormal\">&#8211; <i style=\"mso-bidi-font-style: normal;\"><span lang=\"EN-US\" style=\"mso-ansi-language: EN-US;\">Comment va Marianne? Conte philosophique et r\u00e9publicain<\/span><\/i><span lang=\"EN-US\" style=\"mso-ansi-language: EN-US;\">, Paris, Fran\u00e7ois Bourin, 2012.<span style=\"mso-spacerun: yes;\">\u00a0 <strong>How is Marianne?<em> A Philosophical and Republican Tale<\/em><\/strong>. <a href=\"http:\/\/corine-pelluchon.fr\/wp-content\/uploads\/2013\/07\/Comment-va-Marianne1.pdf\">Summary<\/a><\/span><\/span><\/p>\n<p class=\"MsoNormal\"><strong>Teaching<\/strong><\/p>\n<p><em>Medical Ethics and Ethics of Health Care<\/em> ( Boston University, 2006-7): <a href=\"http:\/\/corine-pelluchon.fr\/wp-content\/uploads\/2014\/11\/Syl_Corine_PH251_Fall_06_MAY_301.doc\">Syl__PH251_Fall_06_]<\/a>, <a href=\"http:\/\/corine-pelluchon.fr\/wp-content\/uploads\/2014\/11\/Sylb-Corine-PH-452-Spring-07.doc\">Sylb, Corine, PH 452, Spring 07<\/a><\/p>\n<p><em>Bioethics and Philosophy<\/em> ( Japan, 2013).<a href=\"http:\/\/corine-pelluchon.fr\/wp-content\/uploads\/2014\/11\/Syllabus_Form_Prof.Pelluchon-1-1.doc\">Syllabus_Form_Prof.Pelluchon\u00a0<\/a><\/p>\n<p><b><i>\u00a0<\/i><\/b><\/p>\n<div id=\"ffenetremailtomailModal\" style=\"z-index: 20002;\">\n<div id=\"ffenetremailtopopupModalMail\">\n<div id=\"ffenetremailtotoModalClose\"><\/div>\n<\/div>\n<\/div>\n<div><\/div>\n","protected":false},"excerpt":{"rendered":"<p>Full Professor in Practical Philosophy at the University of Paris-Est-Marne-La-Vall\u00e9e. Author of several essays and articles in moral and political philosophy\u00a0 (especially on Leo Strauss and on E. Levinas ) and in applied ethics ( medical and biomedical ethics, animal ethics and environmental ethics). Main topics : Animal, Autonomy, Care, Consideration, Corporeity, Democracy, Ecology, Enlightenment, Humanism, Liberalism, Nature, Nourishment, Responsibility, Subjectivity, Values, Virtue Ethics, Vulnerability. Main sources: 1. Phenomenology, especially the philosophers who confronted their work to Heidegger\u2019s ontology : Emmanuel Levinas, Jacques Derrida, Paul Ricoeur, Hans Jonas, Maurice Merleau-Ponty, Henry Maldiney 2. Political philosophy: Thomas Hobbes, John Locke, Jean-Jacques. &hellip;<\/p>\n","protected":false},"author":1,"featured_media":0,"parent":2702,"menu_order":1,"comment_status":"closed","ping_status":"closed","template":"","meta":{"footnotes":""},"_links":{"self":[{"href":"https:\/\/corine-pelluchon.fr\/index.php?rest_route=\/wp\/v2\/pages\/543"}],"collection":[{"href":"https:\/\/corine-pelluchon.fr\/index.php?rest_route=\/wp\/v2\/pages"}],"about":[{"href":"https:\/\/corine-pelluchon.fr\/index.php?rest_route=\/wp\/v2\/types\/page"}],"author":[{"embeddable":true,"href":"https:\/\/corine-pelluchon.fr\/index.php?rest_route=\/wp\/v2\/users\/1"}],"replies":[{"embeddable":true,"href":"https:\/\/corine-pelluchon.fr\/index.php?rest_route=%2Fwp%2Fv2%2Fcomments&post=543"}],"version-history":[{"count":121,"href":"https:\/\/corine-pelluchon.fr\/index.php?rest_route=\/wp\/v2\/pages\/543\/revisions"}],"predecessor-version":[{"id":4534,"href":"https:\/\/corine-pelluchon.fr\/index.php?rest_route=\/wp\/v2\/pages\/543\/revisions\/4534"}],"up":[{"embeddable":true,"href":"https:\/\/corine-pelluchon.fr\/index.php?rest_route=\/wp\/v2\/pages\/2702"}],"wp:attachment":[{"href":"https:\/\/corine-pelluchon.fr\/index.php?rest_route=%2Fwp%2Fv2%2Fmedia&parent=543"}],"curies":[{"name":"wp","href":"https:\/\/api.w.org\/{rel}","templated":true}]}}