{"id":2167,"date":"2017-12-03T10:42:51","date_gmt":"2017-12-03T10:42:51","guid":{"rendered":"http:\/\/corine-pelluchon.fr\/?page_id=2167"},"modified":"2019-03-31T10:36:54","modified_gmt":"2019-03-31T10:36:54","slug":"avertissement","status":"publish","type":"page","link":"https:\/\/corine-pelluchon.fr\/?page_id=2167","title":{"rendered":"Avertissement (plagiat)"},"content":{"rendered":"<p>Certains textes, en accord avec les revues ou journaux qui les ont publi\u00e9s, sont en acc\u00e8s libre sur ce site. Tout personne les utilisant est pri\u00e9e de citer scrupuleusement l&rsquo;auteur et la source, conform\u00e9ment \u00e0 la l\u00e9gislation en vigueur relative \u00e0 la lutte contre le plagiat. Toute contrefa\u00e7on\u00a0et tout\u00a0plagiat entra\u00eeneront une mise\u00a0en demeure ou un proc\u00e8s. ( article L.335-1 et suivants du code de la propri\u00e9t\u00e9 intellectuelle. <a href=\"https:\/\/www.legifrance.gouv.fr\/affichCode.do;jsessionid=94DEB1F7EA10A10606016C9E2B373B09.tpdila21v_1?idSectionTA=LEGISCTA000006161658&amp;cidTexte=LEGITEXT000006069414&amp;dateTexte=20161021\">Lire<\/a>)<\/p>\n<p>En raison de\u00a0la recrudescence de ces mauvaises pratiques, dans les \u00e9crits, les th\u00e8ses,\u00a0et du pr\u00e9judice subi par celui ou celle qui voit son travail, ses \u00e9crits, ses id\u00e9es, (et<a href=\"http:\/\/www.studyrama.com\/vie-etudiante\/se-defendre-vos-droits\/triche-et-plagiat-a-l-universite\/les-cours-de-vos-profs-sont-proteges-1999\"> m\u00eame son enseignement) <\/a>d\u00e9rob\u00e9(s) par autrui, il devient n\u00e9cessaire de se d\u00e9fendre et d&rsquo;abord d&rsquo;avertir les personnes tent\u00e9es par le plagiat . Le fait de s&rsquo;approprier \u00e0 l&rsquo;oral le travail d&rsquo;un autre sans le citer ( qu&rsquo;il s&rsquo;agisse de ses livres, de ses articles, y compris des entretiens parus dans la presse, de ses conf\u00e9rences qui, souvent, s&rsquo;appuient sur ses textes publi\u00e9s) est \u00e9galement condamnable.<\/p>\n<p>Lien utile aux \u00e9tudiants: <a href=\"http:\/\/www.studyrama.com\/vie-etudiante\/se-defendre-vos-droits\/triche-et-plagiat-a-l-universite\/plagier-c-est-frauder-et-risquer-des-sanctions-74063\">Lire<\/a><\/p>\n<p>Code de la propri\u00e9t\u00e9 intellectuelle: <a href=\"https:\/\/www.legifrance.gouv.fr\/affichCode.do;jsessionid=94DEB1F7EA10A10606016C9E2B373B09.tpdila21v_1?cidTexte=LEGITEXT000006069414&amp;dateTexte=20161021\">lire<\/a><\/p>\n<p>&nbsp;<\/p>\n<p>LE PLAGIAT CONCERNE AUSSI LES IDEES : <a href=\"https:\/\/www.scribbr.fr\/category\/le-plagiat\/\">lire<\/a><\/p>\n<p>&nbsp;<\/p>\n","protected":false},"excerpt":{"rendered":"<p>Certains textes, en accord avec les revues ou journaux qui les ont publi\u00e9s, sont en acc\u00e8s libre sur ce site. Tout personne les utilisant est pri\u00e9e de citer scrupuleusement l&rsquo;auteur et la source, conform\u00e9ment \u00e0 la l\u00e9gislation en vigueur relative \u00e0 la lutte contre le plagiat. Toute contrefa\u00e7on\u00a0et tout\u00a0plagiat entra\u00eeneront une mise\u00a0en demeure ou un proc\u00e8s. ( article L.335-1 et suivants du code de la propri\u00e9t\u00e9 intellectuelle. Lire) En raison de\u00a0la recrudescence de ces mauvaises pratiques, dans les \u00e9crits, les th\u00e8ses,\u00a0et du pr\u00e9judice subi par celui ou celle qui voit son travail, ses \u00e9crits, ses id\u00e9es, (et m\u00eame son enseignement) &hellip;<\/p>\n","protected":false},"author":1,"featured_media":0,"parent":0,"menu_order":0,"comment_status":"closed","ping_status":"closed","template":"","meta":{"footnotes":""},"_links":{"self":[{"href":"https:\/\/corine-pelluchon.fr\/index.php?rest_route=\/wp\/v2\/pages\/2167"}],"collection":[{"href":"https:\/\/corine-pelluchon.fr\/index.php?rest_route=\/wp\/v2\/pages"}],"about":[{"href":"https:\/\/corine-pelluchon.fr\/index.php?rest_route=\/wp\/v2\/types\/page"}],"author":[{"embeddable":true,"href":"https:\/\/corine-pelluchon.fr\/index.php?rest_route=\/wp\/v2\/users\/1"}],"replies":[{"embeddable":true,"href":"https:\/\/corine-pelluchon.fr\/index.php?rest_route=%2Fwp%2Fv2%2Fcomments&post=2167"}],"version-history":[{"count":7,"href":"https:\/\/corine-pelluchon.fr\/index.php?rest_route=\/wp\/v2\/pages\/2167\/revisions"}],"predecessor-version":[{"id":3044,"href":"https:\/\/corine-pelluchon.fr\/index.php?rest_route=\/wp\/v2\/pages\/2167\/revisions\/3044"}],"wp:attachment":[{"href":"https:\/\/corine-pelluchon.fr\/index.php?rest_route=%2Fwp%2Fv2%2Fmedia&parent=2167"}],"curies":[{"name":"wp","href":"https:\/\/api.w.org\/{rel}","templated":true}]}}